{"id":686,"date":"2020-09-24T09:40:37","date_gmt":"2020-09-24T09:40:37","guid":{"rendered":"http:\/\/mafaza.com.tr\/?page_id=686"},"modified":"2020-09-24T14:22:12","modified_gmt":"2020-09-24T14:22:12","slug":"hizmetler","status":"publish","type":"page","link":"https:\/\/mafaza.com.tr\/index.php\/hizmetler\/","title":{"rendered":"Hizmetler"},"content":{"rendered":"<p>[vc_row css=&#8221;.vc_custom_1485608617447{margin-top: 5px !important;}&#8221;][vc_column][vc_custom_heading text=&#8221;Mafaza; cerrahi, t\u0131bbi ve ortopedik alet ve cihazlar\u0131n tedarik\u00e7isidir. Maskeler, k\u0131z\u0131l\u00f6tesi termometreler, laboratuar gere\u00e7leri vb tedarik ediyoruz. Hastaneler, doktorlar ve klinikler, cerrahlar ve hastalar i\u00e7in en geni\u015f \u00fcr\u00fcn yelpazesine sahibiz.&#8221; font_container=&#8221;tag:h5|text_align:left&#8221; use_theme_fonts=&#8221;yes&#8221;][\/vc_column][\/vc_row][vc_row][vc_column]<style>#porto-info-list19476687869d9d482a3238 i { font-size: 14px; }<\/style><ul id=\"porto-info-list19476687869d9d482a3238\" class=\"porto-info-list \"><\/ul>[\/vc_column][\/vc_row]<div class=\"porto-concept wpb_content_element \"><div class=\"container\">\r\n    <div class=\"row center\">\r\n        <span class=\"sun\"><\/span>\r\n        <span class=\"cloud\"><\/span>\r\n        <div class=\"col-lg-2 offset-lg-1\">\r\n            <div class=\"process-image\" data-appear-animation=\"bounceIn\">\r\n                                    <img decoding=\"async\" src=\"\/\/mafaza.com.tr\/wp-content\/uploads\/2020\/09\/3-katmanli-maske.jpg\" alt=\"\" \/>\r\n                                <strong>Maske<\/strong>            <\/div>\r\n        <\/div>\r\n        <div class=\"col-lg-2\">\r\n            <div class=\"process-image\" data-appear-animation=\"bounceIn\" data-appear-animation-delay=\"200\">\r\n                                    <img decoding=\"async\" src=\"\/\/mafaza.com.tr\/wp-content\/uploads\/2020\/09\/Maxsan-Thermometer-D.jpg\" alt=\"\" \/>\r\n                                <strong>k\u0131z\u0131l\u00f6tesi termometre<\/strong>            <\/div>\r\n        <\/div>\r\n        <div class=\"col-lg-2\">\r\n            <div class=\"process-image\" data-appear-animation=\"bounceIn\" data-appear-animation-delay=\"400\">\r\n                                    <img decoding=\"async\" src=\"\/\/mafaza.com.tr\/wp-content\/uploads\/2020\/09\/mansetli-takviyeli-cerrahi-onluk-900x900-3.jpg\" alt=\"\" \/>\r\n                                <strong>Cerrahi \u00d6nl\u00fck<\/strong>            <\/div>\r\n        <\/div>\r\n        <div class=\"col-lg-4 offset-lg-1\">\r\n            <div class=\"project-image\">\r\n                <div class=\"concept-slideshow fc-slideshow\">\r\n                    <ul class=\"fc-slides\">\r\n                                                    <li>\r\n                                                                    <img decoding=\"async\" class=\"img-responsive\" src=\"\/\/mafaza.com.tr\/wp-content\/uploads\/2020\/09\/Adsiz-tasarim-4.png\" alt=\"\" \/>\r\n                                                            <\/li>\r\n                                                                                            <\/ul>\r\n                <\/div>\r\n                            <\/div>\r\n        <\/div>\r\n    <\/div>\r\n<\/div>\r\n\r\n<script type=\"text\/javascript\">\r\n    $(document).ready(function($) {\r\n        'use strict';\r\n        \/*\r\n         Circle Slider\r\n         *\/\r\n        if ($.isFunction($.fn.flipshow)) {\r\n            var circleContainer = $('.concept-slideshow');\r\n\r\n            if (circleContainer.get(0)) {\r\n                circleContainer.flipshow();\r\n\r\n                setTimeout(function circleFlip() {\r\n                    circleContainer.data().flipshow._navigate(circleContainer.find('div.fc-right span:first'), 'right');\r\n                    setTimeout(circleFlip, 3000);\r\n                }, 3000);\r\n            }\r\n        }\r\n\r\n        \/*\r\n         Move Cloud\r\n         *\/\r\n        if ($('.cloud').get(0)) {\r\n            var moveCloud = function() {\r\n                $('.cloud').animate({\r\n                    'top': '+=20px'\r\n                }, 3000, 'linear', function() {\r\n                    $('.cloud').animate({\r\n                        'top': '-=20px'\r\n                    }, 3000, 'linear', function() {\r\n                        moveCloud();\r\n                    });\r\n                });\r\n            };\r\n\r\n            moveCloud();\r\n        }\r\n\r\n    });\r\n<\/script>\r\n<\/div>[vc_row][vc_column][vc_separator][\/vc_column][\/vc_row][vc_row css=&#8221;.vc_custom_1485609255082{margin-top: 25px !important;}&#8221;][vc_column][vc_column_text]Sa\u011fl\u0131k hizmeti maliyetlerindeki artan b\u00fcy\u00fcme ve \u00f6zel fiyatland\u0131rma politikalar\u0131n\u0131n varl\u0131\u011f\u0131, \u00fclkeler aras\u0131nda medikal \u00fcr\u00fcn tedari\u011fi ak\u0131\u015f\u0131na yol a\u00e7maktad\u0131r. Bu genellikle ilgili pazarlarda ila\u00e7lar\u0131n ve sa\u011fl\u0131k bak\u0131m \u00fcr\u00fcnlerinin bulunamamas\u0131na ve sat\u0131n al\u0131namamas\u0131na neden olur. Bu nedenle, sadece hastalar de\u011fil, sa\u011fl\u0131k kurumlar\u0131, kamu ve \u00f6zel sa\u011fl\u0131k hizmeti sa\u011flay\u0131c\u0131lar\u0131 ve eczaneler gibi sa\u011fl\u0131k hizmeti pazarlar\u0131ndaki di\u011fer kat\u0131l\u0131mc\u0131lar da ihtiya\u00e7 duyduklar\u0131nda uygun malzemeye eri\u015femezler. Mafaza olarak medikal sekt\u00f6r\u00fcndeki bu tedarik problemini gideriyor ve i\u015finizi kolayla\u015ft\u0131r\u0131yoruz.[\/vc_column_text][vc_custom_heading text=&#8221;Rekabet\u00e7i fiyatlarla sa\u011fl\u0131k \u00fcr\u00fcnleri sat\u0131\u015f\u0131 yapmay\u0131 taahh\u00fct eden, s\u00fcrekli b\u00fcy\u00fcyen i\u015f kolumuz a\u015fa\u011f\u0131daki hizmetleri i\u00e7erir ancak bunlarla s\u0131n\u0131rl\u0131 de\u011fildir;&#8221; font_container=&#8221;tag:h5|text_align:left&#8221; use_theme_fonts=&#8221;yes&#8221;][\/vc_column][\/vc_row][vc_row full_width=&#8221;stretch_row&#8221; wrap_container=&#8221;yes&#8221; is_section=&#8221;yes&#8221; remove_margin_top=&#8221;yes&#8221; remove_margin_bottom=&#8221;yes&#8221; remove_border=&#8221;yes&#8221; el_class=&#8221;custom-info-box&#8221; css=&#8221;.vc_custom_1485259862373{padding-top: 60px !important;padding-bottom: 30px !important;background-color: #eef4f2 !important;}&#8221;][\/vc_row][vc_row_inner][vc_column_inner width=&#8221;1\/3&#8243;]<div class=\"porto-sicon-wrapper  vc_custom_1600955896213 style_2\"><div class=\"porto-sicon-box left-icon\" style=\"\"  ><div class=\"porto-sicon-left\"><div id=\"porto-icon-72889093769d9d482a444f\" class=\"porto-just-icon-wrapper  \"><div class=\"align-icon\" style=\"text-align:center;\">\n<div class=\"porto-sicon-img \" style=\"font-size:120px;display:inline-block;\" >\n\t<img decoding=\"async\" class=\"img-icon\" alt=\"\" src=\"https:\/\/mafaza.com.tr\/wp-content\/uploads\/2020\/09\/stethoscope-840125_1920.jpg\"\/>\n<\/div><\/div><\/div><\/div><div class=\"porto-sicon-body\"><div class=\"porto-sicon-header\" ><h3 class=\"porto-sicon-title\" style=\"font-size:19px;\">T\u0131bbi uygulama malzemeleri<\/h3><\/div> <!-- header --><div class=\"porto-sicon-description\" style=\"\">Uluslararas\u0131 \u00f6l\u00e7ekte sa\u011fl\u0131k kurumlar\u0131, klinikler ve hastaneler dahil ancak bunlarla s\u0131n\u0131rl\u0131 olmamak \u00fczere, rekabet\u00e7i fiyatlarla t\u0131bbi malzeme ve ekipman sunuyoruz.<\/div> <!-- description --><\/div><\/div> <!-- porto-sicon-box --><\/div>[\/vc_column_inner][vc_column_inner width=&#8221;1\/3&#8243;]<div class=\"porto-sicon-wrapper  vc_custom_1600955920546 style_2\"><div class=\"porto-sicon-box left-icon\" style=\"\"  ><div class=\"porto-sicon-left\"><div id=\"porto-icon-86020036269d9d482a4734\" class=\"porto-just-icon-wrapper  \"><div class=\"align-icon\" style=\"text-align:center;\">\n<div class=\"porto-sicon-img \" style=\"font-size:120px;display:inline-block;\" >\n\t<img decoding=\"async\" class=\"img-icon\" alt=\"\" src=\"https:\/\/mafaza.com.tr\/wp-content\/uploads\/2020\/09\/surgery-1807541_1920.jpg\"\/>\n<\/div><\/div><\/div><\/div><div class=\"porto-sicon-body\"><div class=\"porto-sicon-header\" ><h3 class=\"porto-sicon-title\" style=\"font-size:19px;\">Cerrahi merkezi malzeme ve hizmetleri<\/h3><\/div> <!-- header --><div class=\"porto-sicon-description\" style=\"\">D\u00fc\u015f\u00fck \u00f6l\u00e7\u00fc birimleri ve g\u00fc\u00e7l\u00fc bir \u00fcr\u00fcn portf\u00f6y\u00fcn\u00fcn yan\u0131 s\u0131ra \u00fclke \u00e7ap\u0131nda bir da\u011f\u0131t\u0131m a\u011f\u0131yla, ameliyat merkezi tedarik ve ekipman ihtiya\u00e7lar\u0131n\u0131z\u0131 kar\u015f\u0131l\u0131yoruz.<\/div> <!-- description --><\/div><\/div> <!-- porto-sicon-box --><\/div>[\/vc_column_inner][vc_column_inner width=&#8221;1\/3&#8243;]<div class=\"porto-sicon-wrapper  vc_custom_1600955945839 style_2\"><div class=\"porto-sicon-box left-icon\" style=\"\"  ><div class=\"porto-sicon-left\"><div id=\"porto-icon-51573069569d9d482a49c1\" class=\"porto-just-icon-wrapper  \"><div class=\"align-icon\" style=\"text-align:center;\">\n<div class=\"porto-sicon-img \" style=\"font-size:120px;display:inline-block;\" >\n\t<img decoding=\"async\" class=\"img-icon\" alt=\"\" src=\"https:\/\/mafaza.com.tr\/wp-content\/uploads\/2020\/09\/medikal-tibbi-cihaz-test.jpg\"\/>\n<\/div><\/div><\/div><\/div><div class=\"porto-sicon-body\"><div class=\"porto-sicon-header\" ><h3 class=\"porto-sicon-title\" style=\"font-size:19px;\">Laboratuvar malzemeleri<\/h3><\/div> <!-- header --><div class=\"porto-sicon-description\" style=\"\">Devam eden testlerle potansiyel sa\u011fl\u0131k risklerinin erken tespiti, sonu\u00e7lar\u0131 iyile\u015ftirmeye, hastaneye yat\u0131\u015flar\u0131 azaltmaya ve maliyetleri d\u00fc\u015f\u00fcrmeye yard\u0131mc\u0131 olur.<\/div> <!-- description --><\/div><\/div> <!-- porto-sicon-box --><\/div>[\/vc_column_inner][\/vc_row_inner][vc_row_inner css=&#8221;.vc_custom_1485583638631{margin-top: 15px !important;}&#8221;][vc_column_inner width=&#8221;1\/3&#8243;]<div class=\"porto-sicon-wrapper  vc_custom_1600956193335 style_2\"><div class=\"porto-sicon-box left-icon\" style=\"\"  ><div class=\"porto-sicon-left\"><div id=\"porto-icon-45916317669d9d482a4c2b\" class=\"porto-just-icon-wrapper  \"><div class=\"align-icon\" style=\"text-align:center;\">\n<div class=\"porto-sicon-img \" style=\"font-size:120px;display:inline-block;\" >\n\t<img decoding=\"async\" class=\"img-icon\" alt=\"\" src=\"https:\/\/mafaza.com.tr\/wp-content\/uploads\/2020\/09\/medic-563425_1920.jpg\"\/>\n<\/div><\/div><\/div><\/div><div class=\"porto-sicon-body\"><div class=\"porto-sicon-header\" ><h3 class=\"porto-sicon-title\" style=\"font-size:19px;\">Acil t\u0131bbi \u00fcr\u00fcnler<\/h3><\/div> <!-- header --><div class=\"porto-sicon-description\" style=\"\">Acil servislerin \u00f6n saflar\u0131nda oldu\u011funuzda, h\u0131z ve g\u00fcvenilirlik her \u015feydir. Bu \u00fcr\u00fcnleri \u00f6nceden haz\u0131r etmeniz gerekir. Bizimle ileti\u015fime ge\u00e7in ve en h\u0131zl\u0131 \u015fekilde temin al\u0131n.<\/div> <!-- description --><\/div><\/div> <!-- porto-sicon-box --><\/div>[\/vc_column_inner][vc_column_inner width=&#8221;1\/3&#8243;]<div class=\"porto-sicon-wrapper  vc_custom_1600956260373 style_2\"><div class=\"porto-sicon-box left-icon\" style=\"\"  ><div class=\"porto-sicon-left\"><div id=\"porto-icon-38129483369d9d482a4ef4\" class=\"porto-just-icon-wrapper  \"><div class=\"align-icon\" style=\"text-align:center;\">\n<div class=\"porto-sicon-img \" style=\"font-size:120px;display:inline-block;\" >\n\t<img decoding=\"async\" class=\"img-icon\" alt=\"\" src=\"https:\/\/mafaza.com.tr\/wp-content\/uploads\/2020\/09\/doctor-on-call-3482994_1920.jpg\"\/>\n<\/div><\/div><\/div><\/div><div class=\"porto-sicon-body\"><div class=\"porto-sicon-header\" ><h3 class=\"porto-sicon-title\" style=\"font-size:19px;\">T\u0131bbi Malzemeler ve Acil Durum Kitleri<\/h3><\/div> <!-- header --><div class=\"porto-sicon-description\" style=\"\">Medikal Toptanc\u0131lar\u0131 aras\u0131nda lider olarak, uluslararas\u0131 \u00f6l\u00e7ekte sa\u011fl\u0131k kurumlar\u0131, klinikler ve hastaneler dahil, rekabet\u00e7i fiyatlarla t\u0131bbi malzeme ve ekipman sunuyoruz.<\/div> <!-- description --><\/div><\/div> <!-- porto-sicon-box --><\/div>[\/vc_column_inner][vc_column_inner width=&#8221;1\/3&#8243;]<div class=\"porto-sicon-wrapper  vc_custom_1600956323196 style_2\"><div class=\"porto-sicon-box left-icon\" style=\"\"  ><div class=\"porto-sicon-left\"><div id=\"porto-icon-149892739069d9d482a5102\" class=\"porto-just-icon-wrapper  \"><div class=\"align-icon\" style=\"text-align:center;\">\n<div class=\"porto-sicon-img \" style=\"font-size:120px;display:inline-block;\" >\n\t<img decoding=\"async\" class=\"img-icon\" alt=\"\" src=\"https:\/\/mafaza.com.tr\/wp-content\/uploads\/2020\/09\/senior-599806_1920.jpg\"\/>\n<\/div><\/div><\/div><\/div><div class=\"porto-sicon-body\"><div class=\"porto-sicon-header\" ><h3 class=\"porto-sicon-title\" style=\"font-size:19px;\">Evde t\u0131bbi ekipman<\/h3><\/div> <!-- header --><div class=\"porto-sicon-description\" style=\"\">Hastalar\u0131n\u0131z\u0131n hak etti\u011fi y\u00fcksek bak\u0131m standard\u0131n\u0131 kar\u015f\u0131larken evde bak\u0131m i\u015finizi b\u00fcy\u00fct\u00fcn.<\/div> <!-- description --><\/div><\/div> <!-- porto-sicon-box --><\/div>[\/vc_column_inner][\/vc_row_inner][vc_row full_width=&#8221;stretch_row&#8221; el_class=&#8221;custom-call-to-action&#8221; css=&#8221;.vc_custom_1485601890787{padding-top: 45px !important;padding-bottom: 10px !important;background-color: #4dbb6d !important;}&#8221;][vc_column parallax=&#8221;content-moving-fade&#8221; width=&#8221;1\/2&#8243; remove_margin_top=&#8221;yes&#8221; remove_margin_bottom=&#8221;yes&#8221; remove_padding_top=&#8221;yes&#8221; remove_padding_bottom=&#8221;yes&#8221; remove_border=&#8221;yes&#8221; offset=&#8221;vc_col-lg-8 vc_col-md-8 vc_col-xs-12&#8243; css=&#8221;.vc_custom_1600888729290{padding-left: 30px !important;}&#8221;][vc_custom_heading text=&#8221;Medikal \u00dcr\u00fcn M\u00fc&#8221; font_container=&#8221;tag:h2|text_align:left|color:%23ffffff|line_height:23px&#8221; use_theme_fonts=&#8221;yes&#8221; el_class=&#8221;text-lg&#8221; css=&#8221;.vc_custom_1600888825861{margin-bottom: 0px !important;}&#8221;][vc_custom_heading text=&#8221;Tedarik Etmek \u0130stiyorsunuz? &#8221; font_container=&#8221;tag:h2|font_size:2em|text_align:left|color:%23ffffff&#8221; use_theme_fonts=&#8221;yes&#8221; css=&#8221;.vc_custom_1600889001168{margin-bottom: 0px !important;border-radius: 3px !important;}&#8221;][vc_column_text el_class=&#8221;m-b-sm&#8221;]<span style=\"color: #e6e6e6;\">Medikal \u00dcr\u00fcn Temini \u0130\u00e7in Bizimle \u0130leti\u015fime Ge\u00e7in<\/span>[\/vc_column_text][\/vc_column][vc_column width=&#8221;1\/4&#8243; offset=&#8221;vc_col-lg-2 vc_col-md-2 vc_col-xs-12&#8243; el_class=&#8221;m-t-md ml-5-min-992&#8243;][vc_column_text css=&#8221;.vc_custom_1485536511031{border-left-width: 2px !important;padding-left: 10px !important;border-left-color: #ffffff !important;border-left-style: solid !important;}&#8221; el_class=&#8221;custom-line-height-23&#8243;]<span style=\"color: #ffffff;\"><a class=\"text-decoration-none\" style=\"color: #ffffff;\" href=\"tel:+905511256865\">Bizi Aray\u0131n<br \/>\n<span class=\"action-info\">+90 551 125 68 65<\/span><\/a><\/span>[\/vc_column_text][\/vc_column][vc_column width=&#8221;1\/4&#8243; offset=&#8221;vc_col-lg-2 vc_col-md-2 vc_col-xs-12&#8243; el_class=&#8221;m-t-md&#8221;][vc_column_text css=&#8221;.vc_custom_1485536525905{border-left-width: 2px !important;padding-left: 10px !important;border-left-color: #ffffff !important;border-left-style: solid !important;}&#8221; el_class=&#8221;custom-line-height-22&#8243;]<span style=\"color: #ffffff;\"><a class=\"text-decoration-none\" style=\"color: #ffffff;\" href=\"mail:info@mafaza.com.tr\">Email G\u00f6nderin<br \/>\n<span class=\"action-info\">info@mafaza.com.tr<\/span><\/a><\/span>[\/vc_column_text][\/vc_column][\/vc_row]<\/p>\n","protected":false},"excerpt":{"rendered":"<p>[vc_row css=&#8221;.vc_custom_1485608617447{margin-top: 5px !important;}&#8221;][vc_column][vc_custom_heading text=&#8221;Mafaza; cerrahi, t\u0131bbi ve ortopedik alet ve cihazlar\u0131n tedarik\u00e7isidir. Maskeler, k\u0131z\u0131l\u00f6tesi termometreler, laboratuar gere\u00e7leri vb tedarik ediyoruz. Hastaneler, doktorlar ve klinikler, cerrahlar ve hastalar i\u00e7in en geni\u015f \u00fcr\u00fcn yelpazesine sahibiz.&#8221; font_container=&#8221;tag:h5|text_align:left&#8221; use_theme_fonts=&#8221;yes&#8221;][\/vc_column][\/vc_row][vc_row][vc_column][\/vc_column][\/vc_row][vc_row][vc_column][vc_separator][\/vc_column][\/vc_row][vc_row css=&#8221;.vc_custom_1485609255082{margin-top: 25px !important;}&#8221;][vc_column][vc_column_text]Sa\u011fl\u0131k hizmeti maliyetlerindeki artan b\u00fcy\u00fcme ve \u00f6zel fiyatland\u0131rma politikalar\u0131n\u0131n varl\u0131\u011f\u0131, \u00fclkeler aras\u0131nda medikal \u00fcr\u00fcn tedari\u011fi ak\u0131\u015f\u0131na yol [&hellip;]<\/p>\n","protected":false},"author":1,"featured_media":0,"parent":0,"menu_order":0,"comment_status":"closed","ping_status":"closed","template":"","meta":{"footnotes":""},"class_list":["post-686","page","type-page","status-publish","hentry"],"_links":{"self":[{"href":"https:\/\/mafaza.com.tr\/index.php\/wp-json\/wp\/v2\/pages\/686","targetHints":{"allow":["GET"]}}],"collection":[{"href":"https:\/\/mafaza.com.tr\/index.php\/wp-json\/wp\/v2\/pages"}],"about":[{"href":"https:\/\/mafaza.com.tr\/index.php\/wp-json\/wp\/v2\/types\/page"}],"author":[{"embeddable":true,"href":"https:\/\/mafaza.com.tr\/index.php\/wp-json\/wp\/v2\/users\/1"}],"replies":[{"embeddable":true,"href":"https:\/\/mafaza.com.tr\/index.php\/wp-json\/wp\/v2\/comments?post=686"}],"version-history":[{"count":0,"href":"https:\/\/mafaza.com.tr\/index.php\/wp-json\/wp\/v2\/pages\/686\/revisions"}],"wp:attachment":[{"href":"https:\/\/mafaza.com.tr\/index.php\/wp-json\/wp\/v2\/media?parent=686"}],"curies":[{"name":"wp","href":"https:\/\/api.w.org\/{rel}","templated":true}]}}