{"id":344,"date":"2017-01-19T13:59:00","date_gmt":"2017-01-19T13:59:00","guid":{"rendered":"http:\/\/sw-themes.com\/porto_dummy\/?page_id=15"},"modified":"2020-09-24T13:18:31","modified_gmt":"2020-09-24T13:18:31","slug":"about-us-2","status":"publish","type":"page","link":"https:\/\/mafaza.com.tr\/index.php\/about-us-2\/","title":{"rendered":"Hakk\u0131m\u0131zda"},"content":{"rendered":"<p>[vc_row css=&#8221;.vc_custom_1485608617447{margin-top: 5px !important;}&#8221;][vc_column][vc_custom_heading text=&#8221;Mafaza D\u0131\u015f Ticaret Limited \u015eirketi uluslararas\u0131 ticaret \u00fczerine uzmanla\u015fm\u0131\u015f bir firmad\u0131r. Hizmetlerimiz ve \u00fcr\u00fcnlerimizle Do\u011fru Zaman, Do\u011fru Yer prensibi do\u011frultusunda \u00e7al\u0131\u015f\u0131yoruz&#8221; font_container=&#8221;tag:h5|text_align:left&#8221; use_theme_fonts=&#8221;yes&#8221;][vc_column_text css=&#8221;.vc_custom_1485609204688{margin-top: 25px !important;margin-bottom: 20px !important;}&#8221;]<\/p>\n<p>Mafaza LTD t\u00fcm d\u00fcnya pazarlar\u0131ndaki m\u00fc\u015fterilere hizmet vermektedir.<\/p>\n<p>[\/vc_column_text][\/vc_column][\/vc_row][vc_row][vc_column offset=&#8221;vc_col-lg-4 vc_col-md-4 vc_col-xs-12&#8243;][vc_column_text css=&#8221;.vc_custom_1485362938352{margin-bottom: 13px !important;}&#8221;]<\/p>\n<ul class=\"list list-icons list-icons-style-3 list-tertiary\">\n<li><i class=\"fa fa-chevron-right\"><\/i>Alan\u0131nda Bir Numara<\/li>\n<li><i class=\"fa fa-chevron-right\"><\/i>En \u0130novatif &amp; Yarat\u0131c\u0131 \u00c7\u00f6z\u00fcmler<\/li>\n<\/ul>\n<p>[\/vc_column_text][\/vc_column][vc_column offset=&#8221;vc_col-lg-4 vc_col-md-4 vc_col-xs-12&#8243;][vc_column_text css=&#8221;.vc_custom_1485362948127{margin-bottom: 13px !important;}&#8221;]<\/p>\n<ul class=\"list list-icons list-icons-style-3 list-tertiary\">\n<li><i class=\"fa fa-chevron-right\"><\/i>Kalite G\u00fcvencesi<\/li>\n<li><i class=\"fa fa-chevron-right\"><\/i>H\u0131zl\u0131 &amp; Pratik<\/li>\n<\/ul>\n<p>[\/vc_column_text][\/vc_column][vc_column offset=&#8221;vc_col-lg-4 vc_col-md-4 vc_col-xs-12&#8243;][vc_column_text css=&#8221;.vc_custom_1485362956056{margin-bottom: 13px !important;}&#8221;]<\/p>\n<ul class=\"list list-icons list-icons-style-3 list-tertiary\">\n<li><i class=\"fa fa-chevron-right\"><\/i>Profesyonel Kadro<\/li>\n<li><i class=\"fa fa-chevron-right\"><\/i>Profesyonel \u0130\u015f Eti\u011fi<\/li>\n<\/ul>\n<p>[\/vc_column_text][\/vc_column][\/vc_row][vc_row css=&#8221;.vc_custom_1485609255082{margin-top: 25px !important;}&#8221;][vc_column][vc_column_text]Mafaza olarak bizi biz yapan de\u011ferlerin ba\u015f\u0131nda g\u00fcvenilirlik, kaliteli hizmet anlay\u0131\u015f\u0131 ve m\u00fc\u015fteri memnuniyeti gelmektedir. Ayr\u0131ca hizmet kalitemizi artt\u0131rabilmek ad\u0131na \u00fcr\u00fcn gam\u0131m\u0131z\u0131 g\u00fcnden g\u00fcne geni\u015fletiyor insana yat\u0131r\u0131m yapmay\u0131 \u00f6ncelik olarak g\u00f6r\u00fcyoruz. Profesyonel kadromuzla m\u00fc\u015fteri taleplerine en h\u0131zl\u0131 \u015fekilde geri d\u00f6n\u00fc\u015f yap\u0131yor, \u00fcr\u00fcnleriniz ve sipari\u015flerinizin zaman\u0131nda ve g\u00fcvenle teslimat\u0131n\u0131 sa\u011fl\u0131yoruz.<\/p>\n<p>Y\u0131llar\u0131n getirdi\u011fi tecr\u00fcbe ve bilgi birikimi ile m\u00fc\u015fteri memnuniyeti ve kalite konular\u0131nda her zaman lider olan Mafaza, farkl\u0131l\u0131\u011f\u0131n\u0131n bilincinde ve sorumluluklar\u0131n\u0131n fark\u0131nda olarak \u00e7a\u011fda\u015f ve dinamik yap\u0131s\u0131yla sekt\u00f6r\u00fcnde \u00f6nderlik etmeye devam etmektedir.[\/vc_column_text][\/vc_column][\/vc_row][vc_row el_class=&#8221;m-t-sm&#8221;][vc_column offset=&#8221;vc_col-lg-3 vc_col-md-3 vc_col-xs-12&#8243;]<div class=\"stats-block stats-top  \"><div class=\"porto-sicon-top\"><div id=\"porto-icon-22825132069d9d28c33265\" class=\"porto-just-icon-wrapper  \"><div class=\"align-icon\" style=\"text-align:center;\">\n<div class=\"porto-sicon-img \" style=\"font-size:30px;display:inline-block;\" >\n\t<img decoding=\"async\" class=\"img-icon\" alt=\"\" src=\"https:\/\/mafaza.com.tr\/wp-content\/uploads\/2017\/01\/icon-1-1.png\"\/>\n<\/div><\/div><\/div><\/div><div class=\"stats-desc\"><div id=\"counter_6888504769d9d28c332b5\" data-id=\"counter_6888504769d9d28c332b5\" class=\"stats-number\" style=\"  font-size:50px;color:#4dbb6d;\" data-speed=\"3\" data-counter-value=\"15\" data-separator=\",\" data-decimal=\".\">0<\/div><div class=\"counter_suffix mycust\" style=\" font-size:50px;color:#4dbb6d\">+<\/div><div class=\"stats-text\" style=\"font-size:18px;  \">Y\u0131ll\u0131k Tecr\u00fcbe<\/div><\/div><\/div>[\/vc_column][vc_column offset=&#8221;vc_col-lg-3 vc_col-md-3 vc_col-xs-12&#8243;]<div class=\"stats-block stats-top  \"><div class=\"porto-sicon-top\"><div id=\"porto-icon-83788783169d9d28c3357b\" class=\"porto-just-icon-wrapper  \"><div class=\"align-icon\" style=\"text-align:center;\">\n<div class=\"porto-sicon-img \" style=\"font-size:21px;display:inline-block;\" >\n\t<img decoding=\"async\" class=\"img-icon\" alt=\"\" src=\"https:\/\/mafaza.com.tr\/wp-content\/uploads\/2017\/01\/icon-2-1.png\"\/>\n<\/div><\/div><\/div><\/div><div class=\"stats-desc\"><div id=\"counter_144642093869d9d28c335aa\" data-id=\"counter_144642093869d9d28c335aa\" class=\"stats-number\" style=\"  font-size:50px;color:#4dbb6d;\" data-speed=\"3\" data-counter-value=\"2000\" data-separator=\",\" data-decimal=\".\">0<\/div><div class=\"counter_suffix mycust\" style=\" font-size:50px;color:#4dbb6d\">+<\/div><div class=\"stats-text\" style=\"font-size:18px;  \">Olumlu Geri D\u00f6n\u00fc\u015f<\/div><\/div><\/div>[\/vc_column][vc_column offset=&#8221;vc_col-lg-3 vc_col-md-3 vc_col-xs-12&#8243;]<div class=\"stats-block stats-top  \"><div class=\"porto-sicon-top\"><div id=\"porto-icon-34338183669d9d28c33816\" class=\"porto-just-icon-wrapper  \"><div class=\"align-icon\" style=\"text-align:center;\">\n<div class=\"porto-sicon-img \" style=\"font-size:30px;display:inline-block;\" >\n\t<img decoding=\"async\" class=\"img-icon\" alt=\"\" src=\"https:\/\/mafaza.com.tr\/wp-content\/uploads\/2017\/01\/icon-3-1.png\"\/>\n<\/div><\/div><\/div><\/div><div class=\"stats-desc\"><div id=\"counter_131067724869d9d28c33841\" data-id=\"counter_131067724869d9d28c33841\" class=\"stats-number\" style=\"  font-size:50px;color:#4dbb6d;\" data-speed=\"3\" data-counter-value=\"240\" data-separator=\",\" data-decimal=\".\">0<\/div><div class=\"counter_suffix mycust\" style=\" font-size:50px;color:#4dbb6d\">+<\/div><div class=\"stats-text\" style=\"font-size:18px;  \">Mutlu M\u00fc\u015fteri<\/div><\/div><\/div>[\/vc_column][vc_column offset=&#8221;vc_col-lg-3 vc_col-md-3 vc_col-xs-12&#8243;]<div class=\"stats-block stats-top  \"><div class=\"porto-sicon-top\"><div id=\"porto-icon-214714409069d9d28c33aa9\" class=\"porto-just-icon-wrapper  \"><div class=\"align-icon\" style=\"text-align:center;\">\n<div class=\"porto-sicon-img \" style=\"font-size:26px;display:inline-block;\" >\n\t<img decoding=\"async\" class=\"img-icon\" alt=\"\" src=\"https:\/\/mafaza.com.tr\/wp-content\/uploads\/2017\/01\/icon-4-1.png\"\/>\n<\/div><\/div><\/div><\/div><div class=\"stats-desc\"><div id=\"counter_78398077969d9d28c33ad0\" data-id=\"counter_78398077969d9d28c33ad0\" class=\"stats-number\" style=\"  font-size:50px;color:#4dbb6d;\" data-speed=\"3\" data-counter-value=\"130\" data-separator=\",\" data-decimal=\".\">0<\/div><div class=\"counter_suffix mycust\" style=\" font-size:50px;color:#4dbb6d\">+<\/div><div class=\"stats-text\" style=\"font-size:18px;  \">Profesyonel Dan\u0131\u015fmanlar<\/div><\/div><\/div>[\/vc_column][\/vc_row][vc_row el_class=&#8221;m-t-xs&#8221;][vc_column][vc_column_text]Kadromuzu s\u00fcrekli geli\u015fen teknolojilerle entegre etmek ve bunun yan\u0131nda i\u015f alan\u0131m\u0131z\u0131 ilgilendiren kanun, y\u00f6netmelik ve mevzuat de\u011fi\u015fiklikleri sonucunda olu\u015fan e\u011fitim ihtiyac\u0131n\u0131 kar\u015f\u0131lamak i\u00e7in kendi i\u00e7imizde organize etti\u011fimiz ve d\u0131\u015far\u0131dan ald\u0131\u011f\u0131m\u0131z s\u00fcrekli e\u011fitim programlar\u0131 ile canl\u0131 tutmay\u0131 ilke edindik<\/p>\n<p>[\/vc_column_text][\/vc_column][\/vc_row][vc_row el_class=&#8221;m-t&#8221;][vc_column width=&#8221;2\/3&#8243; offset=&#8221;vc_col-lg-4 vc_col-md-4 vc_col-xs-12&#8243;][vc_single_image image=&#8221;57&#8243; img_size=&#8221;large&#8221; add_caption=&#8221;yes&#8221; lightbox=&#8221;yes&#8221; zoom_icon=&#8221;yes&#8221;][\/vc_column][vc_column width=&#8221;2\/3&#8243; offset=&#8221;vc_col-lg-4 vc_col-md-4 vc_col-xs-12&#8243;][vc_single_image image=&#8221;59&#8243; img_size=&#8221;large&#8221;][\/vc_column][vc_column width=&#8221;2\/3&#8243; offset=&#8221;vc_col-lg-4 vc_col-md-4 vc_col-xs-12&#8243;][vc_single_image image=&#8221;58&#8243; img_size=&#8221;large&#8221;][\/vc_column][\/vc_row][vc_row el_class=&#8221;m-t&#8221;][vc_column][vc_column_text][vc_row][vc_column width=&#8221;1\/1&#8243;][vc_column_text]\u015eirketimizin ana hedefi T\u00fcrkiye&#8217;de \u00e7e\u015fitli sekt\u00f6rlerde \u00fcretim ve\/veya sat\u0131\u015f yapan firmalarla, yurt d\u0131\u015f\u0131ndaki al\u0131c\u0131lar aras\u0131nda ileti\u015fim sa\u011flayarak \u00fclkemizin ticaret hacmini artt\u0131rmakt\u0131r. Bu ama\u00e7la \u015firketimiz firmalar\u0131n \u00e7e\u015fitli ihtiya\u00e7lar\u0131na cevap verebilecek bir hizmet anlay\u0131\u015f\u0131n\u0131 benimsemi\u015f ve buna uygun bir yap\u0131 geli\u015ftirmi\u015ftir.<\/p>\n<p>Al\u0131c\u0131lar i\u00e7in b\u00fct\u00fcnl\u00fckl\u00fc bir hizmet vermekteyiz. Bir al\u0131c\u0131 bir \u00fcr\u00fcn talep etti\u011finde, portf\u00f6y\u00fcm\u00fczdeki \u00fcreticilerle temasa ge\u00e7ip \u00fcr\u00fcn\u00fcn h\u0131zl\u0131ca teslimat\u0131n\u0131 sa\u011flamaktay\u0131z. Geni\u015f bir \u00fcretici ve tedarik\u00e7i a\u011f\u0131na sahip oldu\u011fumuzdan, \u00e7e\u015fitli sekt\u00f6rlerden \u00fcr\u00fcnleri h\u0131zla ve g\u00fcvenilir olarak tedarik edebilmekteyiz.<\/p>\n<p>Medikal \u00fcr\u00fcn temini hedefleyen firmalar i\u00e7in A&#8217;dan Z&#8217;ye hizmet verebildi\u011fimiz gibi, halihaz\u0131rda \u00fcr\u00fcnlerini yurt d\u0131\u015f\u0131na pazarlayan firmalar i\u00e7in portf\u00f6y\u00fcm\u00fczde bulunan yurt d\u0131\u015f\u0131 m\u00fc\u015fterilerle ileti\u015fime ge\u00e7me ve yeni pazarlar i\u00e7in ara\u015ft\u0131rma hizmetleri sunmaktay\u0131z.[\/vc_column_text][\/vc_column][\/vc_row]<\/p>\n","protected":false},"excerpt":{"rendered":"<p>[vc_row css=&#8221;.vc_custom_1485608617447{margin-top: 5px !important;}&#8221;][vc_column][vc_custom_heading text=&#8221;Mafaza D\u0131\u015f Ticaret Limited \u015eirketi uluslararas\u0131 ticaret \u00fczerine uzmanla\u015fm\u0131\u015f bir firmad\u0131r. Hizmetlerimiz ve \u00fcr\u00fcnlerimizle Do\u011fru Zaman, Do\u011fru Yer prensibi do\u011frultusunda \u00e7al\u0131\u015f\u0131yoruz&#8221; font_container=&#8221;tag:h5|text_align:left&#8221; use_theme_fonts=&#8221;yes&#8221;][vc_column_text css=&#8221;.vc_custom_1485609204688{margin-top: 25px !important;margin-bottom: 20px !important;}&#8221;] Mafaza LTD t\u00fcm d\u00fcnya pazarlar\u0131ndaki m\u00fc\u015fterilere hizmet vermektedir. [\/vc_column_text][\/vc_column][\/vc_row][vc_row][vc_column offset=&#8221;vc_col-lg-4 vc_col-md-4 vc_col-xs-12&#8243;][vc_column_text css=&#8221;.vc_custom_1485362938352{margin-bottom: 13px !important;}&#8221;] Alan\u0131nda Bir Numara En \u0130novatif &amp; Yarat\u0131c\u0131 \u00c7\u00f6z\u00fcmler [&hellip;]<\/p>\n","protected":false},"author":1,"featured_media":0,"parent":0,"menu_order":0,"comment_status":"closed","ping_status":"closed","template":"","meta":{"footnotes":""},"class_list":["post-344","page","type-page","status-publish","hentry"],"_links":{"self":[{"href":"https:\/\/mafaza.com.tr\/index.php\/wp-json\/wp\/v2\/pages\/344","targetHints":{"allow":["GET"]}}],"collection":[{"href":"https:\/\/mafaza.com.tr\/index.php\/wp-json\/wp\/v2\/pages"}],"about":[{"href":"https:\/\/mafaza.com.tr\/index.php\/wp-json\/wp\/v2\/types\/page"}],"author":[{"embeddable":true,"href":"https:\/\/mafaza.com.tr\/index.php\/wp-json\/wp\/v2\/users\/1"}],"replies":[{"embeddable":true,"href":"https:\/\/mafaza.com.tr\/index.php\/wp-json\/wp\/v2\/comments?post=344"}],"version-history":[{"count":0,"href":"https:\/\/mafaza.com.tr\/index.php\/wp-json\/wp\/v2\/pages\/344\/revisions"}],"wp:attachment":[{"href":"https:\/\/mafaza.com.tr\/index.php\/wp-json\/wp\/v2\/media?parent=344"}],"curies":[{"name":"wp","href":"https:\/\/api.w.org\/{rel}","templated":true}]}}