{"id":3,"date":"2020-09-22T14:42:22","date_gmt":"2020-09-22T14:42:22","guid":{"rendered":"http:\/\/mafaza.com.tr\/?page_id=3"},"modified":"2020-09-22T22:56:03","modified_gmt":"2020-09-22T22:56:03","slug":"privacy-policy","status":"publish","type":"page","link":"https:\/\/mafaza.com.tr\/index.php\/privacy-policy\/","title":{"rendered":"Gizlilik Politikas\u0131"},"content":{"rendered":"\n<p>Biz Kimiz<br>Web sitemizin adresi: http:\/\/mafaza.com.tr.<\/p>\n\n\n\n<p>Hangi ki\u015fisel verileri topluyoruz ve neden topluyoruz<br>Yorumlar<br>Ziyaret\u00e7iler sitede yorum b\u0131rakt\u0131\u011f\u0131nda yorum formunda g\u00f6sterilen verileri ve ayr\u0131ca istenmeyen yorum tespitine yard\u0131mc\u0131 olmak i\u00e7in ziyaret\u00e7inin IP adresini ve taray\u0131c\u0131 bilgisi metnini toplar\u0131z.<\/p>\n\n\n\n<p>E-posta adresinizden (karma olarak da adland\u0131r\u0131l\u0131r) olu\u015fturulan anonimle\u015ftirilmi\u015f bir dize, Gravatar hizmetini kullan\u0131p kullanmad\u0131\u011f\u0131n\u0131z\u0131 g\u00f6rmek i\u00e7in sa\u011flanabilir. Gravatar hizmetinin gizlilik politikas\u0131 burada mevcuttur: https:\/\/automattic.com\/privacy\/. Yorumunuzun onaylanmas\u0131ndan sonra, profil resminiz yorumunuz ba\u011flam\u0131nda herkese g\u00f6r\u00fcn\u00fcr.<\/p>\n\n\n\n<p>Medya<br>G\u00f6r\u00fcnt\u00fcleri web sitesine y\u00fcklerseniz, g\u00f6m\u00fcl\u00fc konum verileri (EXIF GPS) i\u00e7eren g\u00f6r\u00fcnt\u00fcleri y\u00fcklemekten ka\u00e7\u0131nmal\u0131s\u0131n\u0131z. Web sitesi ziyaret\u00e7ileri, web sitesindeki g\u00f6rsellerden herhangi bir konum bilgisini indirip \u00e7\u0131karabilir.<\/p>\n\n\n\n<p>\u0130leti\u015fim formlar\u0131<br>Cookie<br>Sitemize bir yorum b\u0131rak\u0131rsan\u0131z, ad\u0131n\u0131z\u0131, e-posta adresinizi ve web sitenizi \u00e7erezlere kaydetmeyi se\u00e7ebilirsiniz. Bunlar size kolayl\u0131k sa\u011flamak i\u00e7indir, b\u00f6ylece ba\u015fka bir yorum b\u0131rakt\u0131\u011f\u0131n\u0131zda bilgilerinizi tekrar doldurman\u0131za gerek kalmaz. Bu \u00e7erezler bir y\u0131l s\u00fcrecek.<\/p>\n\n\n\n<p>Giri\u015f sayfam\u0131z\u0131 ziyaret ederseniz, taray\u0131c\u0131n\u0131z\u0131n \u00e7erezleri kabul edip etmedi\u011fini belirlemek i\u00e7in ge\u00e7ici bir \u00e7erez ayarlayaca\u011f\u0131z. Bu \u00e7erez hi\u00e7bir ki\u015fisel veri i\u00e7ermez ve taray\u0131c\u0131n\u0131z\u0131 kapatt\u0131\u011f\u0131n\u0131zda at\u0131l\u0131r.<\/p>\n\n\n\n<p>Giri\u015f yapt\u0131\u011f\u0131n\u0131zda, giri\u015f bilgilerinizi ve ekran g\u00f6r\u00fcnt\u00fcleme se\u00e7eneklerinizi kaydetmek i\u00e7in birka\u00e7 \u00e7erez de ayarlayaca\u011f\u0131z. Giri\u015f \u00e7erezleri iki g\u00fcn, ekran se\u00e7enekleri \u00e7erezleri ise bir y\u0131l s\u00fcrer. &#8220;Beni Hat\u0131rla&#8221; y\u0131 se\u00e7erseniz, giri\u015f bilgileriniz iki hafta devam eder. Hesab\u0131n\u0131zdan \u00e7\u0131k\u0131\u015f yaparsan\u0131z, giri\u015f \u00e7erezleri kald\u0131r\u0131lacakt\u0131r.<\/p>\n\n\n\n<p>Bir makaleyi d\u00fczenler veya yay\u0131nlarsan\u0131z, taray\u0131c\u0131n\u0131za ek bir \u00e7erez kaydedilir. Bu \u00e7erez hi\u00e7bir ki\u015fisel veri i\u00e7ermez ve sadece d\u00fczenledi\u011finiz makalenin yaz\u0131 kimli\u011fini g\u00f6sterir. 1 g\u00fcn sonra sona erer.<\/p>\n\n\n\n<p>Di\u011fer web sitelerinden g\u00f6m\u00fcl\u00fc i\u00e7erik<br>Bu sitedeki makaleler g\u00f6m\u00fcl\u00fc i\u00e7erik (\u00f6r. Videolar, resimler, makaleler, vb.) I\u00e7erebilir. Di\u011fer web sitelerinden g\u00f6m\u00fclen i\u00e7erik, ziyaret\u00e7inin di\u011fer web sitesini ziyaret etmi\u015f gibi, tam olarak ayn\u0131 \u015fekilde davran\u0131r.<\/p>\n\n\n\n<p>Bu web siteleri, sizin hakk\u0131n\u0131zda veri toplayabilir, tan\u0131mlama bilgileri kullanabilir, ek \u00fc\u00e7\u00fcnc\u00fc taraf izleme yapabilir ve bir hesab\u0131n\u0131z varsa ve bu web sitesinde oturum a\u00e7t\u0131ysan\u0131z, kat\u0131\u015ft\u0131r\u0131lm\u0131\u015f i\u00e7erikle etkile\u015fiminizi izleme dahil olmak \u00fczere, bu kat\u0131\u015ft\u0131r\u0131lm\u0131\u015f i\u00e7erikle etkile\u015fiminizi izleyebilir.<\/p>\n","protected":false},"excerpt":{"rendered":"<p>Biz KimizWeb sitemizin adresi: http:\/\/mafaza.com.tr. Hangi ki\u015fisel verileri topluyoruz ve neden topluyoruzYorumlarZiyaret\u00e7iler sitede yorum b\u0131rakt\u0131\u011f\u0131nda yorum formunda g\u00f6sterilen verileri ve ayr\u0131ca istenmeyen yorum tespitine yard\u0131mc\u0131 olmak i\u00e7in ziyaret\u00e7inin IP adresini ve taray\u0131c\u0131 bilgisi metnini toplar\u0131z. E-posta adresinizden (karma olarak da adland\u0131r\u0131l\u0131r) olu\u015fturulan anonimle\u015ftirilmi\u015f bir dize, Gravatar hizmetini kullan\u0131p kullanmad\u0131\u011f\u0131n\u0131z\u0131 g\u00f6rmek i\u00e7in sa\u011flanabilir. Gravatar hizmetinin gizlilik [&hellip;]<\/p>\n","protected":false},"author":1,"featured_media":0,"parent":0,"menu_order":0,"comment_status":"closed","ping_status":"open","template":"","meta":{"footnotes":""},"class_list":["post-3","page","type-page","status-publish","hentry"],"_links":{"self":[{"href":"https:\/\/mafaza.com.tr\/index.php\/wp-json\/wp\/v2\/pages\/3","targetHints":{"allow":["GET"]}}],"collection":[{"href":"https:\/\/mafaza.com.tr\/index.php\/wp-json\/wp\/v2\/pages"}],"about":[{"href":"https:\/\/mafaza.com.tr\/index.php\/wp-json\/wp\/v2\/types\/page"}],"author":[{"embeddable":true,"href":"https:\/\/mafaza.com.tr\/index.php\/wp-json\/wp\/v2\/users\/1"}],"replies":[{"embeddable":true,"href":"https:\/\/mafaza.com.tr\/index.php\/wp-json\/wp\/v2\/comments?post=3"}],"version-history":[{"count":0,"href":"https:\/\/mafaza.com.tr\/index.php\/wp-json\/wp\/v2\/pages\/3\/revisions"}],"wp:attachment":[{"href":"https:\/\/mafaza.com.tr\/index.php\/wp-json\/wp\/v2\/media?parent=3"}],"curies":[{"name":"wp","href":"https:\/\/api.w.org\/{rel}","templated":true}]}}