{"id":151,"date":"2017-01-20T11:51:55","date_gmt":"2017-01-20T11:51:55","guid":{"rendered":"http:\/\/sw-themes.com\/porto_dummy\/expertise\/corporate-restructuring-copy-copy-2\/"},"modified":"2020-09-23T22:23:30","modified_gmt":"2020-09-23T22:23:30","slug":"strategic-consulting","status":"publish","type":"page","link":"https:\/\/mafaza.com.tr\/index.php\/strategic-consulting\/","title":{"rendered":"H\u0130ZMETLER"},"content":{"rendered":"<p>[vc_row][vc_column][vc_column_text]<\/p>\n<h5>Mafaza; cerrahi,\u00a0 t\u0131bbi ve ortopedik alet ve cihazlar\u0131n tedarik\u00e7isidir. Maskeler, k\u0131z\u0131l\u00f6tesi termometreler, laboratuar gere\u00e7leri vb tedarik ediyoruz. Hastaneler, doktorlar ve klinikler, cerrahlar ve hastalar i\u00e7in en geni\u015f \u00fcr\u00fcn yelpazesine sahibiz.<\/h5>\n<h5>\u0130htiyac\u0131n\u0131z olan t\u00fcm sa\u011fl\u0131k bak\u0131m \u00fcr\u00fcnlerini makul fiyatlarla bulmakla ilgili zorluklar\u0131 ortadan kald\u0131rd\u0131k.<\/h5>\n<p>[\/vc_column_text][\/vc_column][\/vc_row]<div class=\"porto-concept wpb_content_element \"><div class=\"container\">\r\n    <div class=\"row center\">\r\n        <span class=\"sun\"><\/span>\r\n        <span class=\"cloud\"><\/span>\r\n        <div class=\"col-lg-2 offset-lg-1\">\r\n            <div class=\"process-image\" data-appear-animation=\"bounceIn\">\r\n                                    <img decoding=\"async\" src=\"\/\/mafaza.com.tr\/wp-content\/uploads\/2020\/09\/3-katmanli-maske.jpg\" alt=\"\" \/>\r\n                                <strong>Maske<\/strong>            <\/div>\r\n        <\/div>\r\n        <div class=\"col-lg-2\">\r\n            <div class=\"process-image\" data-appear-animation=\"bounceIn\" data-appear-animation-delay=\"200\">\r\n                                    <img decoding=\"async\" src=\"\/\/mafaza.com.tr\/wp-content\/uploads\/2020\/09\/Maxsan-Thermometer-D.jpg\" alt=\"\" \/>\r\n                                <strong>k\u0131z\u0131l\u00f6tesi termometre<\/strong>            <\/div>\r\n        <\/div>\r\n        <div class=\"col-lg-2\">\r\n            <div class=\"process-image\" data-appear-animation=\"bounceIn\" data-appear-animation-delay=\"400\">\r\n                                    <img decoding=\"async\" src=\"\/\/mafaza.com.tr\/wp-content\/uploads\/2020\/09\/mansetli-takviyeli-cerrahi-onluk-900x900-3.jpg\" alt=\"\" \/>\r\n                                <strong>Cerrahi \u00d6nl\u00fck<\/strong>            <\/div>\r\n        <\/div>\r\n        <div class=\"col-lg-4 offset-lg-1\">\r\n            <div class=\"project-image\">\r\n                <div class=\"concept-slideshow fc-slideshow\">\r\n                    <ul class=\"fc-slides\">\r\n                                                    <li>\r\n                                                                    <img decoding=\"async\" class=\"img-responsive\" src=\"\/\/mafaza.com.tr\/wp-content\/uploads\/2020\/09\/Adsiz-tasarim-4.png\" alt=\"\" \/>\r\n                                                            <\/li>\r\n                                                                                            <\/ul>\r\n                <\/div>\r\n                            <\/div>\r\n        <\/div>\r\n    <\/div>\r\n<\/div>\r\n\r\n<script type=\"text\/javascript\">\r\n    $(document).ready(function($) {\r\n        'use strict';\r\n        \/*\r\n         Circle Slider\r\n         *\/\r\n        if ($.isFunction($.fn.flipshow)) {\r\n            var circleContainer = $('.concept-slideshow');\r\n\r\n            if (circleContainer.get(0)) {\r\n                circleContainer.flipshow();\r\n\r\n                setTimeout(function circleFlip() {\r\n                    circleContainer.data().flipshow._navigate(circleContainer.find('div.fc-right span:first'), 'right');\r\n                    setTimeout(circleFlip, 3000);\r\n                }, 3000);\r\n            }\r\n        }\r\n\r\n        \/*\r\n         Move Cloud\r\n         *\/\r\n        if ($('.cloud').get(0)) {\r\n            var moveCloud = function() {\r\n                $('.cloud').animate({\r\n                    'top': '+=20px'\r\n                }, 3000, 'linear', function() {\r\n                    $('.cloud').animate({\r\n                        'top': '-=20px'\r\n                    }, 3000, 'linear', function() {\r\n                        moveCloud();\r\n                    });\r\n                });\r\n            };\r\n\r\n            moveCloud();\r\n        }\r\n\r\n    });\r\n<\/script>\r\n<\/div>[vc_row][vc_column][vc_separator][\/vc_column][\/vc_row]<\/p>\n","protected":false},"excerpt":{"rendered":"<p>[vc_row][vc_column][vc_column_text] Mafaza; cerrahi,\u00a0 t\u0131bbi ve ortopedik alet ve cihazlar\u0131n tedarik\u00e7isidir. Maskeler, k\u0131z\u0131l\u00f6tesi termometreler, laboratuar gere\u00e7leri vb tedarik ediyoruz. Hastaneler, doktorlar ve klinikler, cerrahlar ve hastalar i\u00e7in en geni\u015f \u00fcr\u00fcn yelpazesine sahibiz. \u0130htiyac\u0131n\u0131z olan t\u00fcm sa\u011fl\u0131k bak\u0131m \u00fcr\u00fcnlerini makul fiyatlarla bulmakla ilgili zorluklar\u0131 ortadan kald\u0131rd\u0131k. [\/vc_column_text][\/vc_column][\/vc_row][vc_row][vc_column][vc_separator][\/vc_column][\/vc_row]<\/p>\n","protected":false},"author":1,"featured_media":0,"parent":0,"menu_order":0,"comment_status":"closed","ping_status":"closed","template":"","meta":{"footnotes":""},"class_list":["post-151","page","type-page","status-publish","hentry"],"_links":{"self":[{"href":"https:\/\/mafaza.com.tr\/index.php\/wp-json\/wp\/v2\/pages\/151","targetHints":{"allow":["GET"]}}],"collection":[{"href":"https:\/\/mafaza.com.tr\/index.php\/wp-json\/wp\/v2\/pages"}],"about":[{"href":"https:\/\/mafaza.com.tr\/index.php\/wp-json\/wp\/v2\/types\/page"}],"author":[{"embeddable":true,"href":"https:\/\/mafaza.com.tr\/index.php\/wp-json\/wp\/v2\/users\/1"}],"replies":[{"embeddable":true,"href":"https:\/\/mafaza.com.tr\/index.php\/wp-json\/wp\/v2\/comments?post=151"}],"version-history":[{"count":0,"href":"https:\/\/mafaza.com.tr\/index.php\/wp-json\/wp\/v2\/pages\/151\/revisions"}],"wp:attachment":[{"href":"https:\/\/mafaza.com.tr\/index.php\/wp-json\/wp\/v2\/media?parent=151"}],"curies":[{"name":"wp","href":"https:\/\/api.w.org\/{rel}","templated":true}]}}